{"id":19,"date":"2015-09-14T18:29:41","date_gmt":"2015-09-14T17:29:41","guid":{"rendered":"http:\/\/sardine-aquarelle.com\/?page_id=19"},"modified":"2017-04-21T18:59:15","modified_gmt":"2017-04-21T17:59:15","slug":"dessin-dynamique","status":"publish","type":"page","link":"https:\/\/sardine-aquarelle.com\/index.php\/dessin-dynamique\/","title":{"rendered":"Dessin dynamique"},"content":{"rendered":"<p><strong><span style=\"color: #e63939;\">ATELIERS POUR ENFANTS<\/span><\/strong><\/p>\n<p><a href=\"http:\/\/sardine-aquarelle.com\/wp-content\/uploads\/2015\/09\/Tous-\u00e0-la-peinture.jpg\"><img loading=\"lazy\" decoding=\"async\" class=\"alignnone wp-image-44\" src=\"http:\/\/sardine-aquarelle.com\/wp-content\/uploads\/2015\/09\/Tous-\u00e0-la-peinture-300x94.jpg\" alt=\"Tous \u00e0 la peinture\" width=\"370\" height=\"123\" \/><\/a><\/p>\n<p><span style=\"color: #808080;\">EXPRESSION ARTISTIQUE RYTHMIQUE ET COLOR\u00c9E<br \/>\nAUX BELLES COULEURS DE L&rsquo;ARC EN CIEL <\/span><\/p>\n<p><a href=\"http:\/\/sardine-aquarelle.com\/wp-content\/uploads\/2015\/09\/cropped-P1030445.jpg\"><img loading=\"lazy\" decoding=\"async\" class=\"alignnone wp-image-47\" src=\"http:\/\/sardine-aquarelle.com\/wp-content\/uploads\/2015\/09\/cropped-P1030445-300x126.jpg\" alt=\"cropped-P1030445.jpg\" width=\"375\" height=\"164\" \/><\/a><\/p>\n<p><strong><span style=\"color: #808080;\">Dessin de formes:\u00a0\u00a0\u00a0\u00a0\u00a0\u00a0\u00a0\u00a0\u00a0\u00a0\u00a0\u00a0\u00a0\u00a0\u00a0\u00a0\u00a0\u00a0\u00a0\u00a0\u00a0\u00a0\u00a0\u00a0\u00a0\u00a0\u00a0\u00a0\u00a0\u00a0\u00a0\u00a0\u00a0\u00a0\u00a0\u00a0\u00a0\u00a0\u00a0\u00a0\u00a0\u00a0\u00a0\u00a0\u00a0\u00a0\u00a0\u00a0\u00a0\u00a0\u00a0\u00a0\u00a0\u00a0\u00a0\u00a0\u00a0\u00a0\u00a0\u00a0\u00a0\u00a0\u00a0\u00a0\u00a0\u00a0\u00a0\u00a0\u00a0\u00a0\u00a0\u00a0\u00a0\u00a0\u00a0\u00a0\u00a0\u00a0\u00a0\u00a0\u00a0\u00a0\u00a0\u00a0\u00a0\u00a0\u00a0\u00a0\u00a0\u00a0\u00a0\u00a0\u00a0\u00a0\u00a0\u00a0\u00a0\u00a0\u00a0\u00a0\u00a0\u00a0\u00a0\u00a0\u00a0\u00a0\u00a0\u00a0\u00a0 La <\/span><\/strong>ligne mise en mouvement, travail sur le dynamisme.\u00a0\u00a0\u00a0\u00a0\u00a0\u00a0\u00a0\u00a0\u00a0 \u00a0\u00a0\u00a0\u00a0\u00a0\u00a0\u00a0\u00a0\u00a0\u00a0\u00a0\u00a0\u00a0\u00a0\u00a0\u00a0\u00a0\u00a0\u00a0\u00a0\u00a0\u00a0\u00a0\u00a0 \u00a0 \u00a0 \u00a0\u00a0 Structure de soi, coh\u00e9rence, \u00e9quilibre, dext\u00e9rit\u00e9, souplesse, libert\u00e9.<\/p>\n<p><strong><span style=\"color: #808080;\">Travail sur l&rsquo;arch\u00e9type :<br \/>\n<\/span><\/strong>Mise en \u00e9vidence d&rsquo;une forme \u00e9pur\u00e9e.\u00a0\u00a0\u00a0 \u00a0 \u00a0 \u00a0 \u00a0 \u00a0 \u00a0 \u00a0 \u00a0 \u00a0 \u00a0 \u00a0 \u00a0 \u00a0\u00a0\u00a0\u00a0\u00a0\u00a0 <a href=\"http:\/\/sardine-aquarelle.com\/wp-content\/uploads\/2017\/04\/Atelier-de-dessin-dynamique-Sardine-Atelier-dart--e1492792838396.jpg\"><img loading=\"lazy\" decoding=\"async\" class=\"size-medium wp-image-160 alignright\" src=\"http:\/\/sardine-aquarelle.com\/wp-content\/uploads\/2017\/04\/Atelier-de-dessin-dynamique-Sardine-Atelier-dart--e1492792838396-169x300.jpg\" alt=\"Atelier de dessin dynamique Sardine ''Atelier d'art ''\" width=\"169\" height=\"300\" srcset=\"https:\/\/sardine-aquarelle.com\/wp-content\/uploads\/2017\/04\/Atelier-de-dessin-dynamique-Sardine-Atelier-dart--e1492792838396-169x300.jpg 169w, https:\/\/sardine-aquarelle.com\/wp-content\/uploads\/2017\/04\/Atelier-de-dessin-dynamique-Sardine-Atelier-dart--e1492792838396-768x1365.jpg 768w, https:\/\/sardine-aquarelle.com\/wp-content\/uploads\/2017\/04\/Atelier-de-dessin-dynamique-Sardine-Atelier-dart--e1492792838396-576x1024.jpg 576w, https:\/\/sardine-aquarelle.com\/wp-content\/uploads\/2017\/04\/Atelier-de-dessin-dynamique-Sardine-Atelier-dart--e1492792838396.jpg 1746w\" sizes=\"auto, (max-width: 169px) 100vw, 169px\" \/><\/a><\/p>\n<p><a href=\"http:\/\/sardine-aquarelle.com\/wp-content\/uploads\/2017\/04\/DSC_0074.jpg\"><img loading=\"lazy\" decoding=\"async\" class=\"alignnone size-medium wp-image-162\" src=\"http:\/\/sardine-aquarelle.com\/wp-content\/uploads\/2017\/04\/DSC_0074-300x169.jpg\" alt=\"DSC_0074\" width=\"300\" height=\"169\" srcset=\"https:\/\/sardine-aquarelle.com\/wp-content\/uploads\/2017\/04\/DSC_0074-300x169.jpg 300w, https:\/\/sardine-aquarelle.com\/wp-content\/uploads\/2017\/04\/DSC_0074-768x432.jpg 768w, https:\/\/sardine-aquarelle.com\/wp-content\/uploads\/2017\/04\/DSC_0074-1024x576.jpg 1024w, https:\/\/sardine-aquarelle.com\/wp-content\/uploads\/2017\/04\/DSC_0074-500x281.jpg 500w\" sizes=\"auto, (max-width: 300px) 100vw, 300px\" \/><\/a><\/p>\n<p><span style=\"color: #000000;\"><strong>Cursus de 5 s\u00e9ances de 1heure<\/strong><br \/>\nTravail \u00e0 la craie sur de grandes ardoises<\/span><br \/>\nSuivant une petit histoire la ligne se transforme&#8230;.<br \/>\nLe plaisir est grand ! De pouvoir r\u00e9aliser \u00e0 la peinture ce que nous avons\u00a0 d\u00e9couvert .<\/p>\n","protected":false},"excerpt":{"rendered":"<p>ATELIERS POUR ENFANTS EXPRESSION ARTISTIQUE RYTHMIQUE ET COLOR\u00c9E AUX BELLES COULEURS DE L&rsquo;ARC EN CIEL Dessin de formes:\u00a0\u00a0\u00a0\u00a0\u00a0\u00a0\u00a0\u00a0\u00a0\u00a0\u00a0\u00a0\u00a0\u00a0\u00a0\u00a0\u00a0\u00a0\u00a0\u00a0\u00a0\u00a0\u00a0\u00a0\u00a0\u00a0\u00a0\u00a0\u00a0\u00a0\u00a0\u00a0\u00a0\u00a0\u00a0\u00a0\u00a0\u00a0\u00a0\u00a0\u00a0\u00a0\u00a0\u00a0\u00a0\u00a0\u00a0\u00a0\u00a0\u00a0\u00a0\u00a0\u00a0\u00a0\u00a0\u00a0\u00a0\u00a0\u00a0\u00a0\u00a0\u00a0\u00a0\u00a0\u00a0\u00a0\u00a0\u00a0\u00a0\u00a0\u00a0\u00a0\u00a0\u00a0\u00a0\u00a0\u00a0\u00a0\u00a0\u00a0\u00a0\u00a0\u00a0\u00a0\u00a0\u00a0\u00a0\u00a0\u00a0\u00a0\u00a0\u00a0\u00a0\u00a0\u00a0\u00a0\u00a0\u00a0\u00a0\u00a0\u00a0\u00a0\u00a0\u00a0\u00a0\u00a0\u00a0\u00a0\u00a0 La ligne mise en mouvement, travail sur le dynamisme.\u00a0\u00a0\u00a0\u00a0\u00a0\u00a0\u00a0\u00a0\u00a0 \u00a0\u00a0\u00a0\u00a0\u00a0\u00a0\u00a0\u00a0\u00a0\u00a0\u00a0\u00a0\u00a0\u00a0\u00a0\u00a0\u00a0\u00a0\u00a0\u00a0\u00a0\u00a0\u00a0\u00a0 \u00a0 \u00a0 \u00a0\u00a0 Structure de soi, coh\u00e9rence, \u00e9quilibre, dext\u00e9rit\u00e9, souplesse, libert\u00e9. Travail &hellip; <a href=\"https:\/\/sardine-aquarelle.com\/index.php\/dessin-dynamique\/\">Continuer la lecture <span class=\"meta-nav\">&rarr;<\/span><\/a><\/p>\n","protected":false},"author":1,"featured_media":0,"parent":0,"menu_order":0,"comment_status":"closed","ping_status":"closed","template":"","meta":{"_crdt_document":"","footnotes":""},"class_list":["post-19","page","type-page","status-publish","hentry"],"_links":{"self":[{"href":"https:\/\/sardine-aquarelle.com\/index.php\/wp-json\/wp\/v2\/pages\/19","targetHints":{"allow":["GET"]}}],"collection":[{"href":"https:\/\/sardine-aquarelle.com\/index.php\/wp-json\/wp\/v2\/pages"}],"about":[{"href":"https:\/\/sardine-aquarelle.com\/index.php\/wp-json\/wp\/v2\/types\/page"}],"author":[{"embeddable":true,"href":"https:\/\/sardine-aquarelle.com\/index.php\/wp-json\/wp\/v2\/users\/1"}],"replies":[{"embeddable":true,"href":"https:\/\/sardine-aquarelle.com\/index.php\/wp-json\/wp\/v2\/comments?post=19"}],"version-history":[{"count":6,"href":"https:\/\/sardine-aquarelle.com\/index.php\/wp-json\/wp\/v2\/pages\/19\/revisions"}],"predecessor-version":[{"id":166,"href":"https:\/\/sardine-aquarelle.com\/index.php\/wp-json\/wp\/v2\/pages\/19\/revisions\/166"}],"wp:attachment":[{"href":"https:\/\/sardine-aquarelle.com\/index.php\/wp-json\/wp\/v2\/media?parent=19"}],"curies":[{"name":"wp","href":"https:\/\/api.w.org\/{rel}","templated":true}]}}