{"id":58,"date":"2016-01-20T17:39:06","date_gmt":"2016-01-20T16:39:06","guid":{"rendered":"http:\/\/sardine-aquarelle.com\/?page_id=58"},"modified":"2017-04-25T13:49:42","modified_gmt":"2017-04-25T12:49:42","slug":"accueil","status":"publish","type":"page","link":"https:\/\/sardine-aquarelle.com\/","title":{"rendered":"Accueil"},"content":{"rendered":"<p>Enseignante : Sardine Reine, peintre aquarelliste, sp\u00e9cialis\u00e9e en p\u00e9dagogie artistique.<\/p>\n<p>Ancienne\u00a0\u00e9l\u00e8ve des Beaux Arts de Mulhouse 1973. Expose \u00e0 Nantes, Paris, au Palais des Congr\u00e8s de Saint Jean de Mont, \u00e0 Noirmoutier en l\u2019\u00eele&#8230;.<\/p>\n<p style=\"text-align: left;\">Sardine Reine enseigne depuis 1995.<\/p>\n<p style=\"text-align: left;\">En 2002, suit les quatre ann\u00e9es de formation artistique pluridisciplinaire cr\u00e9\u00e9e par Genevi\u00e8ve Marty-Libert.<\/p>\n<p style=\"text-align: left;\">En 2006, Sardine Reine pr\u00e9sente un m\u00e9moire dont le th\u00e8me est un cours de \u00a0\u00bbDessin rythmique adress\u00e9 aux enfants\u00a0\u00bb sur le principe suivant : Le moyen artistique du dessin de forme est la ligne, la ligne en tant que trace d&rsquo;un mouvement.<\/p>\n<p style=\"text-align: left;\">Grace \u00a0au\u00a0\u00a0travail propos\u00e9 pendant sa formation, \u00e0 l&rsquo;\u00e9tude des processus\u00a0et \u00e0 ses recherches personnelles, Sardine Reine vous propose des explications simples au travers de l&rsquo;observation, de l&rsquo;\u00e9tude des couleurs, des formes et de leur dynamisme.<\/p>\n<p><em>\u00ab\u00a0Je vous invite \u00e0 venir partager mon atelier et \u00e0 suivre mes cours o\u00f9, les conseils bien orient\u00e9s apportent une confiance tranquille favorable \u00e0 la libre cr\u00e9ation&#8230; Sardine \u00ab\u00a0<\/em><\/p>\n","protected":false},"excerpt":{"rendered":"<p>Enseignante : Sardine Reine, peintre aquarelliste, sp\u00e9cialis\u00e9e en p\u00e9dagogie artistique. Ancienne\u00a0\u00e9l\u00e8ve des Beaux Arts de Mulhouse 1973. Expose \u00e0 Nantes, Paris, au Palais des Congr\u00e8s de Saint Jean de Mont, \u00e0 Noirmoutier en l\u2019\u00eele&#8230;. Sardine Reine enseigne depuis 1995. En &hellip; <a href=\"https:\/\/sardine-aquarelle.com\/\">Continuer la lecture <span class=\"meta-nav\">&rarr;<\/span><\/a><\/p>\n","protected":false},"author":1,"featured_media":0,"parent":0,"menu_order":0,"comment_status":"closed","ping_status":"closed","template":"","meta":{"_crdt_document":"","footnotes":""},"class_list":["post-58","page","type-page","status-publish","hentry"],"_links":{"self":[{"href":"https:\/\/sardine-aquarelle.com\/index.php\/wp-json\/wp\/v2\/pages\/58","targetHints":{"allow":["GET"]}}],"collection":[{"href":"https:\/\/sardine-aquarelle.com\/index.php\/wp-json\/wp\/v2\/pages"}],"about":[{"href":"https:\/\/sardine-aquarelle.com\/index.php\/wp-json\/wp\/v2\/types\/page"}],"author":[{"embeddable":true,"href":"https:\/\/sardine-aquarelle.com\/index.php\/wp-json\/wp\/v2\/users\/1"}],"replies":[{"embeddable":true,"href":"https:\/\/sardine-aquarelle.com\/index.php\/wp-json\/wp\/v2\/comments?post=58"}],"version-history":[{"count":4,"href":"https:\/\/sardine-aquarelle.com\/index.php\/wp-json\/wp\/v2\/pages\/58\/revisions"}],"predecessor-version":[{"id":78,"href":"https:\/\/sardine-aquarelle.com\/index.php\/wp-json\/wp\/v2\/pages\/58\/revisions\/78"}],"wp:attachment":[{"href":"https:\/\/sardine-aquarelle.com\/index.php\/wp-json\/wp\/v2\/media?parent=58"}],"curies":[{"name":"wp","href":"https:\/\/api.w.org\/{rel}","templated":true}]}}